{"id":13941,"date":"2023-06-12T07:42:54","date_gmt":"2023-06-12T05:42:54","guid":{"rendered":"https:\/\/www.proclinic.es\/blog\/?page_id=13941"},"modified":"2023-07-21T14:28:15","modified_gmt":"2023-07-21T12:28:15","slug":"blog","status":"publish","type":"page","link":"https:\/\/www.proclinic.es\/blog\/blog\/","title":{"rendered":"Blog de Proclinic"},"content":{"rendered":"\n<div class=\"wp-block-columns is-layout-flex wp-container-core-columns-is-layout-9d6595d7 wp-block-columns-is-layout-flex\">\n<div class=\"wp-block-column is-layout-flow wp-block-column-is-layout-flow\"><\/div>\n\n\n\n<div class=\"wp-block-column is-layout-flow wp-block-column-is-layout-flow\"><\/div>\n<\/div>\n\n\n<div class=\"entradilla_blog\">Bienvenido al blog de proclinic donde encontrar\u00e1s contenido de vanguardia para tu cl\u00ednica dental.<\/div>\n<h2>Art\u00edculos destacados<\/h2>\n\n<ul class=\"wp-block-latest-posts__list is-grid columns-2 has-dates section_home_posts wp-block-latest-posts has-small-font-size\"><\/ul>\n\n<h2>Art\u00edculos m\u00e1s le\u00eddos<\/h2>\n<div class=\"wpp-shortcode\"><script type=\"application\/json\" data-id=\"wpp-shortcode-inline-js\">{\"title\":\"\",\"limit\":\"3\",\"offset\":0,\"range\":\"last30days\",\"time_quantity\":24,\"time_unit\":\"hour\",\"freshness\":false,\"order_by\":\"views\",\"post_type\":\"post\",\"pid\":\"\",\"exclude\":\"\",\"cat\":\"\",\"taxonomy\":\"category\",\"term_id\":\"\",\"author\":\"\",\"shorten_title\":{\"active\":false,\"length\":0,\"words\":false},\"post-excerpt\":{\"active\":true,\"length\":\"55\",\"keep_format\":true,\"words\":false},\"thumbnail\":{\"active\":true,\"build\":\"manual\",\"width\":\"300\",\"height\":\"300\"},\"rating\":false,\"stats_tag\":{\"comment_count\":false,\"views\":true,\"author\":false,\"date\":{\"active\":false,\"format\":\"F j, Y\"},\"category\":false,\"taxonomy\":{\"active\":false,\"name\":\"category\"}},\"markup\":{\"custom_html\":true,\"wpp-start\":\"<ul class=\\\"wpp-list\\\">\",\"wpp-end\":\"<\\\/ul>\",\"title-start\":\"<h2>\",\"title-end\":\"<\\\/h2>\",\"post-html\":\"&lt;li&gt;&lt;h3&gt;{thumb_img}{title} &lt;div class=\\\"wpp-excerpt\\\"&gt;{excerpt}&lt;\\\/div&gt;&lt;\\\/h3&gt;&lt;\\\/li&gt;\"},\"theme\":{\"name\":\"\"}}<\/script><div class=\"wpp-shortcode-placeholder\"><\/div><\/div>\n<h2>\u00daltimos art\u00edculos publicados<\/h2>\n\n<ul class=\"wp-block-latest-posts__list is-grid columns-3 has-dates section_home_posts wp-block-latest-posts has-small-font-size\"><li><div class=\"wp-block-latest-posts__featured-image aligncenter\"><img loading=\"lazy\" decoding=\"async\" width=\"300\" height=\"190\" src=\"https:\/\/www.proclinic.es\/blog\/wp-content\/uploads\/2026\/04\/image-4-300x190.png\" class=\"attachment-medium size-medium wp-post-image\" alt=\"\" style=\"\" srcset=\"https:\/\/www.proclinic.es\/blog\/wp-content\/uploads\/2026\/04\/image-4-300x190.png 300w, https:\/\/www.proclinic.es\/blog\/wp-content\/uploads\/2026\/04\/image-4.png 308w\" sizes=\"auto, (max-width: 300px) 100vw, 300px\" \/><\/div><a class=\"wp-block-latest-posts__post-title\" href=\"https:\/\/www.proclinic.es\/blog\/protocolo-clinico-para-la-reduccion-interproximal-ipr\/\">Protegido: Protocolo Cl\u00ednico para la Reducci\u00f3n Interproximal (IPR)<\/a><time datetime=\"2026-04-01T16:34:39+02:00\" class=\"wp-block-latest-posts__post-date\">1 de abril, 2026<\/time><div class=\"wp-block-latest-posts__post-excerpt\">Este contenido est\u00e1 protegido por contrase\u00f1a.<\/div><\/li>\n<li><div class=\"wp-block-latest-posts__featured-image aligncenter\"><img loading=\"lazy\" decoding=\"async\" width=\"300\" height=\"158\" src=\"https:\/\/www.proclinic.es\/blog\/wp-content\/uploads\/2026\/02\/self-adhesive-and-crown-cementation-clinical-case-banner-1140x600-ds-es-v1fv-300x158.jpg\" class=\"attachment-medium size-medium wp-post-image\" alt=\"\" style=\"\" srcset=\"https:\/\/www.proclinic.es\/blog\/wp-content\/uploads\/2026\/02\/self-adhesive-and-crown-cementation-clinical-case-banner-1140x600-ds-es-v1fv-300x158.jpg 300w, https:\/\/www.proclinic.es\/blog\/wp-content\/uploads\/2026\/02\/self-adhesive-and-crown-cementation-clinical-case-banner-1140x600-ds-es-v1fv-800x421.jpg 800w, https:\/\/www.proclinic.es\/blog\/wp-content\/uploads\/2026\/02\/self-adhesive-and-crown-cementation-clinical-case-banner-1140x600-ds-es-v1fv-768x404.jpg 768w, https:\/\/www.proclinic.es\/blog\/wp-content\/uploads\/2026\/02\/self-adhesive-and-crown-cementation-clinical-case-banner-1140x600-ds-es-v1fv.jpg 1140w\" sizes=\"auto, (max-width: 300px) 100vw, 300px\" \/><\/div><a class=\"wp-block-latest-posts__post-title\" href=\"https:\/\/www.proclinic.es\/blog\/cementacion-adhesiva-de-postes\/\">Cementaci\u00f3n adhesiva de postes<\/a><time datetime=\"2026-02-19T13:57:42+02:00\" class=\"wp-block-latest-posts__post-date\">19 de febrero, 2026<\/time><div class=\"wp-block-latest-posts__post-excerpt\">\u00a1Mira c\u00f3mo el Dr. Chiodera resolvi\u00f3 este caso! Explora el caso del Dr. Chiodera utilizando cemento de resina 3M\u2122 RelyX\u2122 &#8230; <a title=\"Cementaci\u00f3n adhesiva de postes\" class=\"read-more\" href=\"https:\/\/www.proclinic.es\/blog\/cementacion-adhesiva-de-postes\/\" aria-label=\"More on Cementaci\u00f3n adhesiva de postes\">Read more<\/a><\/div><\/li>\n<li><div class=\"wp-block-latest-posts__featured-image aligncenter\"><img loading=\"lazy\" decoding=\"async\" width=\"300\" height=\"300\" src=\"https:\/\/www.proclinic.es\/blog\/wp-content\/uploads\/2025\/10\/L8803-300x300.jpg\" class=\"attachment-medium size-medium wp-post-image\" alt=\"\" style=\"\" srcset=\"https:\/\/www.proclinic.es\/blog\/wp-content\/uploads\/2025\/10\/L8803-300x300.jpg 300w, https:\/\/www.proclinic.es\/blog\/wp-content\/uploads\/2025\/10\/L8803-150x150.jpg 150w, https:\/\/www.proclinic.es\/blog\/wp-content\/uploads\/2025\/10\/L8803.jpg 600w\" sizes=\"auto, (max-width: 300px) 100vw, 300px\" \/><\/div><a class=\"wp-block-latest-posts__post-title\" href=\"https:\/\/www.proclinic.es\/blog\/corrector-para-sobremordida-profunda-y-asimetrias\/\">Corrector para sobremordida profunda y asimetr\u00edas<\/a><time datetime=\"2025-11-03T09:00:00+02:00\" class=\"wp-block-latest-posts__post-date\">3 de noviembre, 2025<\/time><div class=\"wp-block-latest-posts__post-excerpt\">BT2 &#8211; Un dispositivo esencial para simplificar el tratamiento de la sobremordida profunda y maloclusiones asim\u00e9tricas. El nuevo dispositivo miniaturizado &#8230; <a title=\"Corrector para sobremordida profunda y asimetr\u00edas\" class=\"read-more\" href=\"https:\/\/www.proclinic.es\/blog\/corrector-para-sobremordida-profunda-y-asimetrias\/\" aria-label=\"More on Corrector para sobremordida profunda y asimetr\u00edas\">Read more<\/a><\/div><\/li>\n<\/ul>\n\n<h2>Art\u00edculos destacados de Cl\u00ednica dental<\/h2>\n\n<ul class=\"wp-block-latest-posts__list is-grid columns-3 has-dates section_home_posts wp-block-latest-posts has-small-font-size\"><\/ul>\n\n<h2>Art\u00edculos destacados de Laboratorio dental<\/h2>\n\n<ul class=\"wp-block-latest-posts__list is-grid columns-3 has-dates section_home_posts wp-block-latest-posts has-small-font-size\"><\/ul>\n\n<h2>Art\u00edculos destacados de Equipamiento dental<\/h2>\n\n<ul class=\"wp-block-latest-posts__list is-grid columns-3 has-dates section_home_posts wp-block-latest-posts has-small-font-size\"><\/ul>\n\n<h2>Art\u00edculos destacados de Ortodoncia<\/h2>\n\n<ul class=\"wp-block-latest-posts__list is-grid columns-3 has-dates section_home_posts wp-block-latest-posts has-small-font-size\"><\/ul>","protected":false},"excerpt":{"rendered":"<p>Bienvenido al blog de proclinic donde encontrar\u00e1s contenido de vanguardia para tu cl\u00ednica dental. Art\u00edculos destacados Art\u00edculos m\u00e1s le\u00eddos \u00daltimos art\u00edculos publicados Art\u00edculos destacados de Cl\u00ednica dental Art\u00edculos destacados de Laboratorio dental Art\u00edculos destacados de Equipamiento dental Art\u00edculos destacados de Ortodoncia<\/p>\n","protected":false},"author":101017,"featured_media":0,"parent":0,"menu_order":0,"comment_status":"closed","ping_status":"closed","template":"","meta":{"footnotes":""},"class_list":["post-13941","page","type-page","status-publish"],"yoast_head":"<!-- This site is optimized with the Yoast SEO plugin v25.9 - https:\/\/yoast.com\/wordpress\/plugins\/seo\/ -->\n<title>Blog de Proclinic - Blog Proclinic<\/title>\n<meta name=\"robots\" content=\"index, follow, max-snippet:-1, max-image-preview:large, max-video-preview:-1\" \/>\n<link rel=\"canonical\" href=\"https:\/\/www.proclinic.es\/blog\/blog\/\" \/>\n<meta property=\"og:locale\" content=\"es_ES\" \/>\n<meta property=\"og:type\" content=\"article\" \/>\n<meta property=\"og:title\" content=\"Blog de Proclinic - Blog Proclinic\" \/>\n<meta property=\"og:description\" content=\"Bienvenido al blog de proclinic donde encontrar\u00e1s contenido de vanguardia para tu cl\u00ednica dental. Art\u00edculos destacados Art\u00edculos m\u00e1s le\u00eddos \u00daltimos art\u00edculos publicados Art\u00edculos destacados de Cl\u00ednica dental Art\u00edculos destacados de Laboratorio dental Art\u00edculos destacados de Equipamiento dental Art\u00edculos destacados de Ortodoncia\" \/>\n<meta property=\"og:url\" content=\"https:\/\/www.proclinic.es\/blog\/blog\/\" \/>\n<meta property=\"og:site_name\" content=\"Blog Proclinic\" \/>\n<meta property=\"article:publisher\" content=\"https:\/\/www.facebook.com\/proclinicsa\" \/>\n<meta property=\"article:modified_time\" content=\"2023-07-21T12:28:15+00:00\" \/>\n<meta name=\"twitter:card\" content=\"summary_large_image\" \/>\n<meta name=\"twitter:site\" content=\"@Proclinic_SA\" \/>\n<meta name=\"twitter:label1\" content=\"Tiempo de lectura\" \/>\n\t<meta name=\"twitter:data1\" content=\"1 minuto\" \/>\n<script type=\"application\/ld+json\" class=\"yoast-schema-graph\">{\"@context\":\"https:\/\/schema.org\",\"@graph\":[{\"@type\":\"WebPage\",\"@id\":\"https:\/\/www.proclinic.es\/blog\/blog\/\",\"url\":\"https:\/\/www.proclinic.es\/blog\/blog\/\",\"name\":\"Blog de Proclinic - Blog Proclinic\",\"isPartOf\":{\"@id\":\"https:\/\/www.proclinic.es\/blog\/#website\"},\"datePublished\":\"2023-06-12T05:42:54+00:00\",\"dateModified\":\"2023-07-21T12:28:15+00:00\",\"breadcrumb\":{\"@id\":\"https:\/\/www.proclinic.es\/blog\/blog\/#breadcrumb\"},\"inLanguage\":\"es\",\"potentialAction\":[{\"@type\":\"ReadAction\",\"target\":[\"https:\/\/www.proclinic.es\/blog\/blog\/\"]}]},{\"@type\":\"BreadcrumbList\",\"@id\":\"https:\/\/www.proclinic.es\/blog\/blog\/#breadcrumb\",\"itemListElement\":[{\"@type\":\"ListItem\",\"position\":1,\"name\":\"Home\",\"item\":\"https:\/\/www.proclinic.es\/blog\/\"},{\"@type\":\"ListItem\",\"position\":2,\"name\":\"Blog de Proclinic\"}]},{\"@type\":\"WebSite\",\"@id\":\"https:\/\/www.proclinic.es\/blog\/#website\",\"url\":\"https:\/\/www.proclinic.es\/blog\/\",\"name\":\"Blog Proclinic\",\"description\":\"\u00a1Bienvenido al blog de Proclinic! En este espacio, nos enfocamos en brindar informaci\u00f3n valiosa y actualizada para todos los profesionales del sector dental. Nuestra misi\u00f3n es mantenerte al d\u00eda de las \u00faltimas tendencias, investigaciones y t\u00e9cnicas en el campo de la odontolog\u00eda. Exploraremos temas que van desde las novedades en materiales odontol\u00f3gicos, consejos pr\u00e1cticos para la gesti\u00f3n de cl\u00ednicas dentales hasta casos cl\u00ednicos con base cient\u00edfica, eventos del sector y mucho m\u00e1s. Te invitamos a seguir nuestro contenido, dise\u00f1ado para mantener tu pr\u00e1ctica en la vanguardia de la odontolog\u00eda moderna.\",\"potentialAction\":[{\"@type\":\"SearchAction\",\"target\":{\"@type\":\"EntryPoint\",\"urlTemplate\":\"https:\/\/www.proclinic.es\/blog\/?s={search_term_string}\"},\"query-input\":{\"@type\":\"PropertyValueSpecification\",\"valueRequired\":true,\"valueName\":\"search_term_string\"}}],\"inLanguage\":\"es\"}]}<\/script>\n<!-- \/ Yoast SEO plugin. -->","yoast_head_json":{"title":"Blog de Proclinic - Blog Proclinic","robots":{"index":"index","follow":"follow","max-snippet":"max-snippet:-1","max-image-preview":"max-image-preview:large","max-video-preview":"max-video-preview:-1"},"canonical":"https:\/\/www.proclinic.es\/blog\/blog\/","og_locale":"es_ES","og_type":"article","og_title":"Blog de Proclinic - Blog Proclinic","og_description":"Bienvenido al blog de proclinic donde encontrar\u00e1s contenido de vanguardia para tu cl\u00ednica dental. Art\u00edculos destacados Art\u00edculos m\u00e1s le\u00eddos \u00daltimos art\u00edculos publicados Art\u00edculos destacados de Cl\u00ednica dental Art\u00edculos destacados de Laboratorio dental Art\u00edculos destacados de Equipamiento dental Art\u00edculos destacados de Ortodoncia","og_url":"https:\/\/www.proclinic.es\/blog\/blog\/","og_site_name":"Blog Proclinic","article_publisher":"https:\/\/www.facebook.com\/proclinicsa","article_modified_time":"2023-07-21T12:28:15+00:00","twitter_card":"summary_large_image","twitter_site":"@Proclinic_SA","twitter_misc":{"Tiempo de lectura":"1 minuto"},"schema":{"@context":"https:\/\/schema.org","@graph":[{"@type":"WebPage","@id":"https:\/\/www.proclinic.es\/blog\/blog\/","url":"https:\/\/www.proclinic.es\/blog\/blog\/","name":"Blog de Proclinic - Blog Proclinic","isPartOf":{"@id":"https:\/\/www.proclinic.es\/blog\/#website"},"datePublished":"2023-06-12T05:42:54+00:00","dateModified":"2023-07-21T12:28:15+00:00","breadcrumb":{"@id":"https:\/\/www.proclinic.es\/blog\/blog\/#breadcrumb"},"inLanguage":"es","potentialAction":[{"@type":"ReadAction","target":["https:\/\/www.proclinic.es\/blog\/blog\/"]}]},{"@type":"BreadcrumbList","@id":"https:\/\/www.proclinic.es\/blog\/blog\/#breadcrumb","itemListElement":[{"@type":"ListItem","position":1,"name":"Home","item":"https:\/\/www.proclinic.es\/blog\/"},{"@type":"ListItem","position":2,"name":"Blog de Proclinic"}]},{"@type":"WebSite","@id":"https:\/\/www.proclinic.es\/blog\/#website","url":"https:\/\/www.proclinic.es\/blog\/","name":"Blog Proclinic","description":"\u00a1Bienvenido al blog de Proclinic! En este espacio, nos enfocamos en brindar informaci\u00f3n valiosa y actualizada para todos los profesionales del sector dental. Nuestra misi\u00f3n es mantenerte al d\u00eda de las \u00faltimas tendencias, investigaciones y t\u00e9cnicas en el campo de la odontolog\u00eda. Exploraremos temas que van desde las novedades en materiales odontol\u00f3gicos, consejos pr\u00e1cticos para la gesti\u00f3n de cl\u00ednicas dentales hasta casos cl\u00ednicos con base cient\u00edfica, eventos del sector y mucho m\u00e1s. Te invitamos a seguir nuestro contenido, dise\u00f1ado para mantener tu pr\u00e1ctica en la vanguardia de la odontolog\u00eda moderna.","potentialAction":[{"@type":"SearchAction","target":{"@type":"EntryPoint","urlTemplate":"https:\/\/www.proclinic.es\/blog\/?s={search_term_string}"},"query-input":{"@type":"PropertyValueSpecification","valueRequired":true,"valueName":"search_term_string"}}],"inLanguage":"es"}]}},"_links":{"self":[{"href":"https:\/\/www.proclinic.es\/blog\/wp-json\/wp\/v2\/pages\/13941","targetHints":{"allow":["GET"]}}],"collection":[{"href":"https:\/\/www.proclinic.es\/blog\/wp-json\/wp\/v2\/pages"}],"about":[{"href":"https:\/\/www.proclinic.es\/blog\/wp-json\/wp\/v2\/types\/page"}],"author":[{"embeddable":true,"href":"https:\/\/www.proclinic.es\/blog\/wp-json\/wp\/v2\/users\/101017"}],"replies":[{"embeddable":true,"href":"https:\/\/www.proclinic.es\/blog\/wp-json\/wp\/v2\/comments?post=13941"}],"version-history":[{"count":92,"href":"https:\/\/www.proclinic.es\/blog\/wp-json\/wp\/v2\/pages\/13941\/revisions"}],"predecessor-version":[{"id":14168,"href":"https:\/\/www.proclinic.es\/blog\/wp-json\/wp\/v2\/pages\/13941\/revisions\/14168"}],"wp:attachment":[{"href":"https:\/\/www.proclinic.es\/blog\/wp-json\/wp\/v2\/media?parent=13941"}],"curies":[{"name":"wp","href":"https:\/\/api.w.org\/{rel}","templated":true}]}}